{"id":79,"date":"2012-06-12T19:31:12","date_gmt":"2012-06-12T17:31:12","guid":{"rendered":"http:\/\/heilpraktikerin-alessandra-rossi.de\/?page_id=79"},"modified":"2020-08-20T11:17:08","modified_gmt":"2020-08-20T09:17:08","slug":"meine-ansatze-fur-ihr-wohl-befinden","status":"publish","type":"page","link":"https:\/\/heilpraktikerin-alessandra-rossi.de\/?page_id=79","title":{"rendered":"Grundlagen meiner Behandlungen"},"content":{"rendered":"<p class=\"western\" lang=\"it-IT\"><span style=\"font-family: Arial,sans-serif;\"><span style=\"font-size: medium;\">Selten gibt es nur einen Ausl\u00f6ser f\u00fcr gesundheitliche Probleme. <\/span><\/span><\/p>\n<p class=\"western\" lang=\"it-IT\"><span style=\"font-family: Arial,sans-serif;\"><span style=\"font-size: medium;\">Stress, inneres Ungleichgewicht, \u00dcber- oder Unterforderung, unausgewogene Ern\u00e4hrung, Bewegungsmangel sind beispielsweise Faktoren, die erfahrungsgem\u00e4\u00df eine ma\u00dfgebliche Rolle spielen k\u00f6nnen.<\/span><\/span><\/p>\n<p class=\"western\" lang=\"it-IT\"><span style=\"font-family: Arial,sans-serif;\"><span style=\"font-size: medium;\">Im Laufe meiner T\u00e4tigkeit habe ich mich bewusst auf sanfte, einf\u00fchlsame Techniken zur Behandlung meiner Patienten spezialisiert. <\/span><\/span><\/p>\n<p class=\"western\" lang=\"it-IT\"><span style=\"font-family: Arial,sans-serif;\"><span style=\"font-size: medium;\">Meine Behandlungen basieren auf Achtsamkeit und Respekt f\u00fcr die individuelle Situation meiner Patienten und dem Wissen, dass der menschliche K\u00f6rper \u00fcber die F\u00e4higkeit zur Selbstheilung verf\u00fcgen kann. <\/span><\/span><\/p>\n<p class=\"western\" lang=\"it-IT\"><span style=\"font-family: Arial,sans-serif;\"><span style=\"font-size: medium;\">Pr\u00e4zises Setzen von Impulsen erfolgt mit dem Ziel, den K\u00f6rper anzuregen, seinen Zustand des individuellen Wohl-Befindens \u2013 seiner Gesundheit \u2013 soweit m\u00f6glich wieder herzustellen.<\/span><\/span><\/p>\n<p class=\"western\" lang=\"it-IT\"><span style=\"font-family: Arial,sans-serif;\"><span style=\"font-size: medium;\">\u00a0<\/span><\/span><\/p>\n","protected":false},"excerpt":{"rendered":"<p>Selten gibt es nur einen Ausl\u00f6ser f\u00fcr gesundheitliche Probleme. Stress, inneres Ungleichgewicht, \u00dcber- oder Unterforderung, unausgewogene Ern\u00e4hrung, Bewegungsmangel sind beispielsweise Faktoren, die erfahrungsgem\u00e4\u00df eine ma\u00dfgebliche Rolle spielen k\u00f6nnen. Im Laufe meiner T\u00e4tigkeit habe ich mich bewusst auf sanfte, einf\u00fchlsame Techniken &hellip; <a href=\"https:\/\/heilpraktikerin-alessandra-rossi.de\/?page_id=79\">Weiterlesen <span class=\"meta-nav\">&rarr;<\/span><\/a><\/p>\n","protected":false},"author":1,"featured_media":0,"parent":76,"menu_order":0,"comment_status":"closed","ping_status":"closed","template":"onecolumn-page.php","meta":[],"_links":{"self":[{"href":"https:\/\/heilpraktikerin-alessandra-rossi.de\/index.php?rest_route=\/wp\/v2\/pages\/79"}],"collection":[{"href":"https:\/\/heilpraktikerin-alessandra-rossi.de\/index.php?rest_route=\/wp\/v2\/pages"}],"about":[{"href":"https:\/\/heilpraktikerin-alessandra-rossi.de\/index.php?rest_route=\/wp\/v2\/types\/page"}],"author":[{"embeddable":true,"href":"https:\/\/heilpraktikerin-alessandra-rossi.de\/index.php?rest_route=\/wp\/v2\/users\/1"}],"replies":[{"embeddable":true,"href":"https:\/\/heilpraktikerin-alessandra-rossi.de\/index.php?rest_route=%2Fwp%2Fv2%2Fcomments&post=79"}],"version-history":[{"count":7,"href":"https:\/\/heilpraktikerin-alessandra-rossi.de\/index.php?rest_route=\/wp\/v2\/pages\/79\/revisions"}],"predecessor-version":[{"id":173,"href":"https:\/\/heilpraktikerin-alessandra-rossi.de\/index.php?rest_route=\/wp\/v2\/pages\/79\/revisions\/173"}],"up":[{"embeddable":true,"href":"https:\/\/heilpraktikerin-alessandra-rossi.de\/index.php?rest_route=\/wp\/v2\/pages\/76"}],"wp:attachment":[{"href":"https:\/\/heilpraktikerin-alessandra-rossi.de\/index.php?rest_route=%2Fwp%2Fv2%2Fmedia&parent=79"}],"curies":[{"name":"wp","href":"https:\/\/api.w.org\/{rel}","templated":true}]}}