{"id":71,"date":"2012-06-12T19:21:57","date_gmt":"2012-06-12T17:21:57","guid":{"rendered":"http:\/\/heilpraktikerin-alessandra-rossi.de\/?page_id=71"},"modified":"2016-12-17T23:12:56","modified_gmt":"2016-12-17T21:12:56","slug":"triggerpunkt-gestutzte-wirbelsaulentherapie","status":"publish","type":"page","link":"https:\/\/heilpraktikerin-alessandra-rossi.de\/?page_id=71","title":{"rendered":"Triggerpunkt gest\u00fctzte Wirbels\u00e4ulentherapie"},"content":{"rendered":"<p><a href=\"http:\/\/heilpraktikerin-alessandra-rossi.de\/wp-content\/uploads\/2016\/12\/Alessandra-Rossi-Bild-Skelett-e1482008176102.png\"><img loading=\"lazy\" class=\"alignright wp-image-161 size-medium\" title=\"Skelett\" src=\"http:\/\/heilpraktikerin-alessandra-rossi.de\/wp-content\/uploads\/2016\/12\/Alessandra-Rossi-Bild-Skelett-300x300.png\" width=\"300\" height=\"300\" \/><\/a><\/p>\n<p class=\"western\"><span style=\"font-family: Arial,sans-serif;\">In seiner \u00fcber 25-j\u00e4hrigen T\u00e4tigkeit als Heilpraktiker entwickelte Werner D\u00fcrre ein Verfahren, das eine schonende und effiziente Regulation der Wirbels\u00e4ule erm\u00f6glichen soll.<\/span><\/p>\n<p class=\"western\"><span style=\"font-family: Arial,sans-serif;\">Die Wirbels\u00e4ule soll durch Halten ausgew\u00e4hlter Triggerpunkte und darauf abgestimmten Eigenbewegungen des Menschen wieder in ihre harmonische Grundstellung gebracht werden.<\/span><\/p>\n<p class=\"western\"><span style=\"font-family: Arial,sans-serif;\">Dabei wird immer das gesamte Erscheinungsbild der Person \u2013 von Kopf bis Fu\u00df \u2013 ber\u00fccksichtigt.<\/span><\/p>\n","protected":false},"excerpt":{"rendered":"<p>In seiner \u00fcber 25-j\u00e4hrigen T\u00e4tigkeit als Heilpraktiker entwickelte Werner D\u00fcrre ein Verfahren, das eine schonende und effiziente Regulation der Wirbels\u00e4ule erm\u00f6glichen soll. Die Wirbels\u00e4ule soll durch Halten ausgew\u00e4hlter Triggerpunkte und darauf abgestimmten Eigenbewegungen des Menschen wieder in ihre harmonische Grundstellung &hellip; <a href=\"https:\/\/heilpraktikerin-alessandra-rossi.de\/?page_id=71\">Weiterlesen <span class=\"meta-nav\">&rarr;<\/span><\/a><\/p>\n","protected":false},"author":1,"featured_media":0,"parent":50,"menu_order":0,"comment_status":"closed","ping_status":"closed","template":"onecolumn-page.php","meta":[],"_links":{"self":[{"href":"https:\/\/heilpraktikerin-alessandra-rossi.de\/index.php?rest_route=\/wp\/v2\/pages\/71"}],"collection":[{"href":"https:\/\/heilpraktikerin-alessandra-rossi.de\/index.php?rest_route=\/wp\/v2\/pages"}],"about":[{"href":"https:\/\/heilpraktikerin-alessandra-rossi.de\/index.php?rest_route=\/wp\/v2\/types\/page"}],"author":[{"embeddable":true,"href":"https:\/\/heilpraktikerin-alessandra-rossi.de\/index.php?rest_route=\/wp\/v2\/users\/1"}],"replies":[{"embeddable":true,"href":"https:\/\/heilpraktikerin-alessandra-rossi.de\/index.php?rest_route=%2Fwp%2Fv2%2Fcomments&post=71"}],"version-history":[{"count":7,"href":"https:\/\/heilpraktikerin-alessandra-rossi.de\/index.php?rest_route=\/wp\/v2\/pages\/71\/revisions"}],"predecessor-version":[{"id":170,"href":"https:\/\/heilpraktikerin-alessandra-rossi.de\/index.php?rest_route=\/wp\/v2\/pages\/71\/revisions\/170"}],"up":[{"embeddable":true,"href":"https:\/\/heilpraktikerin-alessandra-rossi.de\/index.php?rest_route=\/wp\/v2\/pages\/50"}],"wp:attachment":[{"href":"https:\/\/heilpraktikerin-alessandra-rossi.de\/index.php?rest_route=%2Fwp%2Fv2%2Fmedia&parent=71"}],"curies":[{"name":"wp","href":"https:\/\/api.w.org\/{rel}","templated":true}]}}