{"id":68,"date":"2012-06-12T19:19:05","date_gmt":"2012-06-12T17:19:05","guid":{"rendered":"http:\/\/heilpraktikerin-alessandra-rossi.de\/?page_id=68"},"modified":"2020-08-20T11:08:54","modified_gmt":"2020-08-20T09:08:54","slug":"kinesiotaping","status":"publish","type":"page","link":"https:\/\/heilpraktikerin-alessandra-rossi.de\/?page_id=68","title":{"rendered":"Kinesiotaping"},"content":{"rendered":"<p class=\"western\"><span style=\"font-family: Arial,sans-serif;\">Kinesio-Taping ist eine unterst\u00fctzende Therapie, bei der elastische Klebeb\u00e4nder aufgebracht werden. <\/span><\/p>\n<p class=\"western\" align=\"left\"><span style=\"font-family: Arial,sans-serif;\">Die Tapes k\u00f6nnen in sehr vielen Behandlungsf\u00e4llen rezeptorische Reize setzen und die Blut- und Lymphzirkulation anregen. Dies wiederum hat das Ziel, die Selbstheilungskr\u00e4fte zu aktivieren.<br \/>\n<\/span><\/p>\n<p class=\"western\" align=\"left\"><span style=\"font-family: Arial,sans-serif;\">\u00a0<\/span><\/p>\n<p><span style=\"color: #000000;\">\u00a0<\/span><\/p>\n","protected":false},"excerpt":{"rendered":"<p>Kinesio-Taping ist eine unterst\u00fctzende Therapie, bei der elastische Klebeb\u00e4nder aufgebracht werden. Die Tapes k\u00f6nnen in sehr vielen Behandlungsf\u00e4llen rezeptorische Reize setzen und die Blut- und Lymphzirkulation anregen. Dies wiederum hat das Ziel, die Selbstheilungskr\u00e4fte zu aktivieren. \u00a0 \u00a0<\/p>\n","protected":false},"author":1,"featured_media":0,"parent":50,"menu_order":0,"comment_status":"closed","ping_status":"closed","template":"onecolumn-page.php","meta":[],"_links":{"self":[{"href":"https:\/\/heilpraktikerin-alessandra-rossi.de\/index.php?rest_route=\/wp\/v2\/pages\/68"}],"collection":[{"href":"https:\/\/heilpraktikerin-alessandra-rossi.de\/index.php?rest_route=\/wp\/v2\/pages"}],"about":[{"href":"https:\/\/heilpraktikerin-alessandra-rossi.de\/index.php?rest_route=\/wp\/v2\/types\/page"}],"author":[{"embeddable":true,"href":"https:\/\/heilpraktikerin-alessandra-rossi.de\/index.php?rest_route=\/wp\/v2\/users\/1"}],"replies":[{"embeddable":true,"href":"https:\/\/heilpraktikerin-alessandra-rossi.de\/index.php?rest_route=%2Fwp%2Fv2%2Fcomments&post=68"}],"version-history":[{"count":6,"href":"https:\/\/heilpraktikerin-alessandra-rossi.de\/index.php?rest_route=\/wp\/v2\/pages\/68\/revisions"}],"predecessor-version":[{"id":119,"href":"https:\/\/heilpraktikerin-alessandra-rossi.de\/index.php?rest_route=\/wp\/v2\/pages\/68\/revisions\/119"}],"up":[{"embeddable":true,"href":"https:\/\/heilpraktikerin-alessandra-rossi.de\/index.php?rest_route=\/wp\/v2\/pages\/50"}],"wp:attachment":[{"href":"https:\/\/heilpraktikerin-alessandra-rossi.de\/index.php?rest_route=%2Fwp%2Fv2%2Fmedia&parent=68"}],"curies":[{"name":"wp","href":"https:\/\/api.w.org\/{rel}","templated":true}]}}