{"id":53,"date":"2012-06-09T14:33:04","date_gmt":"2012-06-09T12:33:04","guid":{"rendered":"http:\/\/heilpraktikerin-alessandra-rossi.de\/?page_id=53"},"modified":"2020-09-29T10:50:54","modified_gmt":"2020-09-29T08:50:54","slug":"53-2","status":"publish","type":"page","link":"https:\/\/heilpraktikerin-alessandra-rossi.de\/?page_id=53","title":{"rendered":"Craniosakrale Osteopathie"},"content":{"rendered":"<p class=\"western\"><span style=\"font-family: Arial,sans-serif;\">Die Osteopathie ist eine manuelle Therapieform, die ganzheitlich in der Diagnose und Behandlung von k\u00f6rperlichen Funktionsst\u00f6rungen eingesetzt werden kann. <a href=\"http:\/\/heilpraktikerin-alessandra-rossi.de\/wp-content\/uploads\/2016\/12\/Alessandra-Rossi-Bild-Mensch-e1482007850578.png\"><img loading=\"lazy\" class=\"alignright size-medium wp-image-159\" src=\"http:\/\/heilpraktikerin-alessandra-rossi.de\/wp-content\/uploads\/2016\/12\/Alessandra-Rossi-Bild-Mensch-300x300.png\" alt=\"\" width=\"300\" height=\"300\"><\/a><\/span><\/p>\n<p class=\"western\"><span style=\"font-family: Arial,sans-serif;\">Das Konzept wurde 1874 von dem amerikanischen Arzt Dr. Andrew Taylor Still entwickelt und seither kontinuierlich an amerikanischen und sp\u00e4ter auch an europ\u00e4ischen Universit\u00e4ten erforscht und weiter entwickelt. Osteopathie ist mittlerweile weltweit bei vielen Therapeuten etabliert.<\/span><\/p>\n<p class=\"western\"><span style=\"font-family: Arial,sans-serif;\">In der Osteopathie wird mit vielen unterschiedlichen Techniken gearbeitet. <\/span><\/p>\n<p class=\"western\"><span style=\"font-family: Arial,sans-serif;\">Als besonders sanfte Methode der Behandlung entwickelte der Osteopath William G. Sutherland Anfang des 20. Jahrhunderts die Craniosacrale Osteopathie, die seit den 70er Jahren durch die Forschung des Amerikaners Dr. John E. Upledger, D.O. reges Interesse weckte. Diese einf\u00fchlsame Behandlungsform wird seither von vielen Therapeuten praktiziert und wie die gesamte Osteopathie st\u00e4ndig weiter erforscht und entwickelt. <\/span><\/p>\n<p class=\"western\"><span style=\"font-family: Arial,sans-serif;\">Die Kosten osteopathischer Behandlungen werden von einigen gesetzlichen Krankenkassen erstattet &#8211; bitte erkundigen Sie sich nach den Modalit\u00e4ten Ihrer Krankenkasse.<\/span><\/p>\n<p class=\"western\"><span style=\"font-family: Arial,sans-serif;\">&nbsp;<\/span><\/p>\n","protected":false},"excerpt":{"rendered":"<p>Die Osteopathie ist eine manuelle Therapieform, die ganzheitlich in der Diagnose und Behandlung von k\u00f6rperlichen Funktionsst\u00f6rungen eingesetzt werden kann. Das Konzept wurde 1874 von dem amerikanischen Arzt Dr. Andrew Taylor Still entwickelt und seither kontinuierlich an amerikanischen und sp\u00e4ter auch &hellip; <a href=\"https:\/\/heilpraktikerin-alessandra-rossi.de\/?page_id=53\">Weiterlesen <span class=\"meta-nav\">&rarr;<\/span><\/a><\/p>\n","protected":false},"author":1,"featured_media":0,"parent":50,"menu_order":0,"comment_status":"closed","ping_status":"closed","template":"onecolumn-page.php","meta":[],"_links":{"self":[{"href":"https:\/\/heilpraktikerin-alessandra-rossi.de\/index.php?rest_route=\/wp\/v2\/pages\/53"}],"collection":[{"href":"https:\/\/heilpraktikerin-alessandra-rossi.de\/index.php?rest_route=\/wp\/v2\/pages"}],"about":[{"href":"https:\/\/heilpraktikerin-alessandra-rossi.de\/index.php?rest_route=\/wp\/v2\/types\/page"}],"author":[{"embeddable":true,"href":"https:\/\/heilpraktikerin-alessandra-rossi.de\/index.php?rest_route=\/wp\/v2\/users\/1"}],"replies":[{"embeddable":true,"href":"https:\/\/heilpraktikerin-alessandra-rossi.de\/index.php?rest_route=%2Fwp%2Fv2%2Fcomments&post=53"}],"version-history":[{"count":16,"href":"https:\/\/heilpraktikerin-alessandra-rossi.de\/index.php?rest_route=\/wp\/v2\/pages\/53\/revisions"}],"predecessor-version":[{"id":240,"href":"https:\/\/heilpraktikerin-alessandra-rossi.de\/index.php?rest_route=\/wp\/v2\/pages\/53\/revisions\/240"}],"up":[{"embeddable":true,"href":"https:\/\/heilpraktikerin-alessandra-rossi.de\/index.php?rest_route=\/wp\/v2\/pages\/50"}],"wp:attachment":[{"href":"https:\/\/heilpraktikerin-alessandra-rossi.de\/index.php?rest_route=%2Fwp%2Fv2%2Fmedia&parent=53"}],"curies":[{"name":"wp","href":"https:\/\/api.w.org\/{rel}","templated":true}]}}