{"id":205,"date":"2018-05-24T20:53:17","date_gmt":"2018-05-24T18:53:17","guid":{"rendered":"http:\/\/heilpraktikerin-alessandra-rossi.de\/?page_id=205"},"modified":"2018-05-24T21:15:25","modified_gmt":"2018-05-24T19:15:25","slug":"datenschutz-3","status":"publish","type":"page","link":"https:\/\/heilpraktikerin-alessandra-rossi.de\/?page_id=205","title":{"rendered":"Datenschutz"},"content":{"rendered":"<p><span style=\"font-family: Arial, sans-serif;\"><b>Allgemeine Hinweise<\/b><\/span><\/p>\n<p><span style=\"font-family: Arial, sans-serif;\">Die Nutzung meiner Internetseiten ist ohne jede Angabe personenbezogener Daten m\u00f6glich. Es werden keine personenbezogenen Daten erfasst und gespeichert. Daten werden nicht \u00fcbertragen oder weitergegeben.<\/span><\/p>\n<p><span style=\"font-family: Arial, sans-serif;\">Definitionen der verwendeten Begriffe (z.B. \u201cpersonenbezogene Daten\u201d oder \u201cVerarbeitung\u201d) finden Sie in Art. 4 DSGVO.<\/span><\/p>\n<p><span style=\"font-family: Arial, sans-serif;\"><b>Verantwortliche Stelle <\/b>im Sinne der Datenschutzgesetze, insbesondere der EU-Datenschutzgrundverordnung (DSGVO), ist:<\/span><\/p>\n<p><span style=\"font-family: Arial, sans-serif;\">Alessandra Rossi<br \/>\nHolzlarer Str. 37<br \/>\n53229 Bonn<br \/>\nTelefon: 01578 \u2013 78 12 444<br \/>\n<\/span><\/p>\n<p><span style=\"font-family: Arial, sans-serif;\">Email: praxis (at) heilpraktikerin-alessandra-rossi.de<br \/>\nAchtung Spamschutz: Bitte kopieren Sie die eMail-Adresse und ersetzen Sie die Leerzeichen sowie (at) durch @<\/span><\/p>\n<p><span style=\"font-family: Arial, sans-serif;\"><b>Automatische Erhebung von Nutzungsdaten durch den Provider<\/b><\/span><\/p>\n<p><span style=\"font-family: Arial, sans-serif;\">Der Provider Host Europe erhebt und speichert automatisch Informationen in sogenannten Server-Log-Dateien, die Ihr Browser automatisch an uns \u00fcbermittelt. Dies sind:<\/span><\/p>\n<ul>\n<li><span style=\"font-family: Arial, sans-serif;\">Browsertyp und Browserversion<\/span><\/li>\n<li><span style=\"font-family: Arial, sans-serif;\">verwendetes Betriebssystem<\/span><\/li>\n<li><span style=\"font-family: Arial, sans-serif;\">Referrer URL<\/span><\/li>\n<li><span style=\"font-family: Arial, sans-serif;\">Hostname des zugreifenden Rechners<\/span><\/li>\n<li><span style=\"font-family: Arial, sans-serif;\">Uhrzeit der Serveranfrage<\/span><\/li>\n<li><span style=\"font-family: Arial, sans-serif;\">IP-Adresse <\/span><span style=\"font-family: Arial, sans-serif;\">Eine Zusammenf\u00fchrung dieser Daten mit anderen Datenquellen wird nicht vorgenommen. Grundlage f\u00fcr die Datenverarbeitung ist Art. 6 Abs. 1 lit. b DSGVO, der die Verarbeitung von Daten zur Erf\u00fcllung eines Vertrags oder vorvertraglicher Ma\u00dfnahmen gestattet. <\/span><\/li>\n<\/ul>\n<p><span style=\"font-family: Arial, sans-serif;\">Die Daten werden ausschlie\u00dflich f\u00fcr statistische Zwecke genutzt. Eine Weitergabe an Dritte erfolgt nicht. Dieses Internetangebot verwendet keine Techniken, die darauf abzielen, das Zugriffsverhalten einzelner Nutzer auszuwerten. Personenbezogene Nutzungsprofile werden nicht erstellt.<\/span><\/p>\n<p><span style=\"font-family: Arial, sans-serif;\"><b>Cookies<\/b><\/span><\/p>\n<p><span style=\"font-family: Arial, sans-serif;\"><span style=\"font-size: medium;\">G\u00e4ngige Browser bieten die Einstellungsoption, Cookies nicht zuzulassen.<\/span><\/span><\/p>\n<p><span style=\"font-family: Arial, sans-serif;\">Diese Seite verwendet keine Cookies.<br \/>\n<\/span><\/p>\n<p><span style=\"font-family: Arial, sans-serif;\"><b>Auskunftsrechte <\/b><\/span><\/p>\n<p><span style=\"font-family: Arial, sans-serif;\">Auskunftsrechte k\u00f6nnen schriftlich oder per E-Mail gegen\u00fcber den im Impressum genannten Stellen geltend gemacht werden. Dies gilt auch f\u00fcr Widerspr\u00fcche zu einer erteilten Einwilligungserkl\u00e4rung. <\/span><\/p>\n<p><span style=\"font-family: Arial, sans-serif;\"><span style=\"font-size: medium;\">Sollten Sie annehmen, dass Ihre Daten unrechtm\u00e4\u00dfig verarbeitet wurden, k\u00f6nnen Sie eine Beschwerde bei der zust\u00e4ndigen Aufsichtsbeh\u00f6rde einreichen. <\/span><span style=\"font-size: medium;\">Dies ist in NRW:<\/span><\/span><\/p>\n<p><span style=\"font-family: Arial, sans-serif;\">Landesbeauftragte f\u00fcr Datenschutz und Informationsfreiheit Nordrhein-Westfalen<\/span><\/p>\n<p><span style=\"font-family: Arial, sans-serif;\">Helga Block<\/span><\/p>\n<p><span style=\"font-family: Arial, sans-serif;\">Kavalleriestra\u00dfe 2-4<br \/>\n40213 D\u00fcsseldorf<\/span><\/p>\n<p><span style=\"font-family: Arial, sans-serif;\">Telefon: 02 11\/384 24-0<br \/>\nTelefax: 02 11\/384 24-10<\/span><\/p>\n<p><span style=\"font-family: Arial, sans-serif;\"><span style=\"font-size: medium;\"><span lang=\"en-US\">E-Mail<\/span><\/span><\/span><span style=\"font-family: Arial, sans-serif;\"><span style=\"font-size: medium;\">: <a href=\"mailto:poststelle@ldi.nrw.de\">poststelle@ldi.nrw.de<\/a><\/span><\/span><\/p>\n<p>&nbsp;<\/p>\n","protected":false},"excerpt":{"rendered":"<p>Allgemeine Hinweise Die Nutzung meiner Internetseiten ist ohne jede Angabe personenbezogener Daten m\u00f6glich. Es werden keine personenbezogenen Daten erfasst und gespeichert. Daten werden nicht \u00fcbertragen oder weitergegeben. Definitionen der verwendeten Begriffe (z.B. \u201cpersonenbezogene Daten\u201d oder \u201cVerarbeitung\u201d) finden Sie in Art. &hellip; <a href=\"https:\/\/heilpraktikerin-alessandra-rossi.de\/?page_id=205\">Weiterlesen <span class=\"meta-nav\">&rarr;<\/span><\/a><\/p>\n","protected":false},"author":1,"featured_media":0,"parent":0,"menu_order":0,"comment_status":"closed","ping_status":"closed","template":"onecolumn-page.php","meta":[],"_links":{"self":[{"href":"https:\/\/heilpraktikerin-alessandra-rossi.de\/index.php?rest_route=\/wp\/v2\/pages\/205"}],"collection":[{"href":"https:\/\/heilpraktikerin-alessandra-rossi.de\/index.php?rest_route=\/wp\/v2\/pages"}],"about":[{"href":"https:\/\/heilpraktikerin-alessandra-rossi.de\/index.php?rest_route=\/wp\/v2\/types\/page"}],"author":[{"embeddable":true,"href":"https:\/\/heilpraktikerin-alessandra-rossi.de\/index.php?rest_route=\/wp\/v2\/users\/1"}],"replies":[{"embeddable":true,"href":"https:\/\/heilpraktikerin-alessandra-rossi.de\/index.php?rest_route=%2Fwp%2Fv2%2Fcomments&post=205"}],"version-history":[{"count":6,"href":"https:\/\/heilpraktikerin-alessandra-rossi.de\/index.php?rest_route=\/wp\/v2\/pages\/205\/revisions"}],"predecessor-version":[{"id":214,"href":"https:\/\/heilpraktikerin-alessandra-rossi.de\/index.php?rest_route=\/wp\/v2\/pages\/205\/revisions\/214"}],"wp:attachment":[{"href":"https:\/\/heilpraktikerin-alessandra-rossi.de\/index.php?rest_route=%2Fwp%2Fv2%2Fmedia&parent=205"}],"curies":[{"name":"wp","href":"https:\/\/api.w.org\/{rel}","templated":true}]}}